{"id":151,"date":"2021-01-04T11:46:05","date_gmt":"2021-01-04T10:46:05","guid":{"rendered":"http:\/\/attractions-lunaires.site\/?page_id=151"},"modified":"2022-06-26T20:56:52","modified_gmt":"2022-06-26T18:56:52","slug":"la-musique","status":"publish","type":"page","link":"https:\/\/attractions-lunaires.site\/index.php\/la-musique\/","title":{"rendered":"Du c\u00f4t\u00e9 de la musique"},"content":{"rendered":"\n<h2>Le compositeur<\/h2>\n\n\n\n<div class=\"wp-block-media-text alignwide is-stacked-on-mobile\" style=\"grid-template-columns:40% auto\"><figure class=\"wp-block-media-text__media\"><img loading=\"lazy\" width=\"1024\" height=\"666\" src=\"http:\/\/attractions-lunaires.site\/wp-content\/uploads\/2021\/01\/Vincent-1024x666.jpg\" alt=\"\" class=\"wp-image-183 size-full\" srcset=\"https:\/\/attractions-lunaires.site\/wp-content\/uploads\/2021\/01\/Vincent-1024x666.jpg 1024w, https:\/\/attractions-lunaires.site\/wp-content\/uploads\/2021\/01\/Vincent-300x195.jpg 300w, https:\/\/attractions-lunaires.site\/wp-content\/uploads\/2021\/01\/Vincent-768x499.jpg 768w, https:\/\/attractions-lunaires.site\/wp-content\/uploads\/2021\/01\/Vincent-1536x998.jpg 1536w, https:\/\/attractions-lunaires.site\/wp-content\/uploads\/2021\/01\/Vincent-2048x1331.jpg 2048w\" sizes=\"(max-width: 1024px) 100vw, 1024px\" \/><\/figure><div class=\"wp-block-media-text__content\">\n<p>Classique et inventive \u00e0 la fois, il y a derri\u00e8re cette \u00e9criture une connaissance approfondie des \u00ab&nbsp;ma\u00eetres&nbsp;\u00bb de la musique et une grande inventivit\u00e9. Vincent Lescornez, le compositeur, qui s&#8217;est associ\u00e9 ici \u00e0 3 complices, musiciennes talentueuses,  nous emm\u00e8ne d\u2019une m\u00e9lodie aux accents m\u00e9di\u00e9vaux \u00e0 une marche dr\u00f4le et d\u00e9cal\u00e9e en passant par l\u2019illustration d\u2019un combat terrible et baroque ou la simplicit\u00e9 d&#8217;une essentielle m\u00e9lop\u00e9e.<\/p>\n\n\n\n<p>Mais \u00e0 cot\u00e9 de ce brillant exercice de style, c\u2019est une musique exigeante, sensible, \u00e9mouvante qui nous touche et nous surprend au fil du spectacle . A l\u2019image du texte des fr\u00e8res Prunier, l\u2019humour s\u2019associe \u00e0 l\u2019\u00e9motion, la recherche esth\u00e9tique ne fait pas l&#8217;\u00e9conomie du sens.<\/p>\n\n\n\n<p>D\u2019ailleurs musiques et textes jouent ensemble, s&#8217;amusent des contrastes, s\u2019accordent, s\u2019\u00e9coutent, s\u2019inspirent mutuellement.<\/p>\n\n\n\n<p>Le&nbsp; travail commun a fait \u00e9voluer l\u2019\u00e9criture au gr\u00e9 des propositions des musiciens, des com\u00e9diens, des intervenants ext\u00e9rieurs (Justin Bonnet intervenant chanteur) et du r\u00e9gisseur m\u00e9lomane Didier Caron\u2026<\/p>\n<\/div><\/div>\n\n\n\n<h2>Les interpr\u00e8tes<\/h2>\n\n\n\n<div class=\"wp-block-media-text alignwide is-stacked-on-mobile\" style=\"grid-template-columns:36% auto\"><figure class=\"wp-block-media-text__media\"><img loading=\"lazy\" width=\"472\" height=\"326\" src=\"http:\/\/attractions-lunaires.site\/wp-content\/uploads\/2021\/01\/repetition.jpg\" alt=\"\" class=\"wp-image-57 size-full\" srcset=\"https:\/\/attractions-lunaires.site\/wp-content\/uploads\/2021\/01\/repetition.jpg 472w, https:\/\/attractions-lunaires.site\/wp-content\/uploads\/2021\/01\/repetition-300x207.jpg 300w\" sizes=\"(max-width: 472px) 100vw, 472px\" \/><\/figure><div class=\"wp-block-media-text__content\">\n<p class=\"has-medium-font-size\"><a href=\"http:\/\/attractions-lunaires.site\/index.php\/marie-helene-fricant-2\/\" data-type=\"page\" data-id=\"360\">Marie-H\u00e9l\u00e8ne Fricant, <em>Flutiste<\/em><\/a><\/p>\n\n\n\n<p class=\"has-medium-font-size\"><a href=\"http:\/\/attractions-lunaires.site\/index.php\/marjorie-harter-2\/\" data-type=\"page\" data-id=\"367\">Marjorie Harter, <em>Harpiste<\/em><\/a><\/p>\n\n\n\n<p class=\"has-medium-font-size\"><a href=\"http:\/\/attractions-lunaires.site\/index.php\/vincent-lescornez-2\/\" data-type=\"page\" data-id=\"372\">Vincent Lescornez, <em>Hautbo\u00efste <\/em><\/a><\/p>\n\n\n\n<p class=\"has-medium-orange-color has-text-color has-medium-font-size\">Alexandre Vandamme, <em>bassoniste<\/em><\/p>\n\n\n\n<p><\/p>\n\n\n\n<p> <\/p>\n<\/div><\/div>\n\n\n\n<div class=\"wp-block-columns\">\n<div class=\"wp-block-column\" style=\"flex-basis:100%\">\n<div class=\"wp-block-columns\">\n<div class=\"wp-block-column\" style=\"flex-basis:100%\">\n<div class=\"wp-block-columns\">\n<div class=\"wp-block-column\">\n<figure class=\"wp-block-gallery alignwide columns-4 is-cropped\"><ul class=\"blocks-gallery-grid\"><li class=\"blocks-gallery-item\"><figure><img loading=\"lazy\" width=\"632\" height=\"524\" src=\"http:\/\/attractions-lunaires.site\/wp-content\/uploads\/2022\/06\/Alexandre.jpg\" alt=\"\" data-id=\"725\" data-full-url=\"http:\/\/attractions-lunaires.site\/wp-content\/uploads\/2022\/06\/Alexandre.jpg\" data-link=\"http:\/\/attractions-lunaires.site\/index.php\/la-musique\/alexandre\/\" class=\"wp-image-725\" srcset=\"https:\/\/attractions-lunaires.site\/wp-content\/uploads\/2022\/06\/Alexandre.jpg 632w, https:\/\/attractions-lunaires.site\/wp-content\/uploads\/2022\/06\/Alexandre-300x249.jpg 300w\" sizes=\"(max-width: 632px) 100vw, 632px\" \/><\/figure><\/li><li class=\"blocks-gallery-item\"><figure><img loading=\"lazy\" width=\"1024\" height=\"973\" src=\"http:\/\/attractions-lunaires.site\/wp-content\/uploads\/2021\/01\/Marie-helene-1024x973.jpg\" alt=\"\" data-id=\"268\" data-full-url=\"http:\/\/attractions-lunaires.site\/wp-content\/uploads\/2021\/01\/Marie-helene.jpg\" data-link=\"http:\/\/attractions-lunaires.site\/index.php\/la-musique\/marie-helene\/\" class=\"wp-image-268\" srcset=\"https:\/\/attractions-lunaires.site\/wp-content\/uploads\/2021\/01\/Marie-helene-1024x973.jpg 1024w, https:\/\/attractions-lunaires.site\/wp-content\/uploads\/2021\/01\/Marie-helene-300x285.jpg 300w, https:\/\/attractions-lunaires.site\/wp-content\/uploads\/2021\/01\/Marie-helene-768x730.jpg 768w, https:\/\/attractions-lunaires.site\/wp-content\/uploads\/2021\/01\/Marie-helene-1536x1460.jpg 1536w, https:\/\/attractions-lunaires.site\/wp-content\/uploads\/2021\/01\/Marie-helene-2048x1947.jpg 2048w\" sizes=\"(max-width: 1024px) 100vw, 1024px\" \/><figcaption class=\"blocks-gallery-item__caption\"><a href=\"http:\/\/attractions-lunaires.site\/index.php\/marie-helene-fricant-2\/\">Marie-H\u00e9l\u00e8ne Fricant<\/a><\/figcaption><\/figure><\/li><li class=\"blocks-gallery-item\"><figure><img loading=\"lazy\" width=\"1024\" height=\"678\" src=\"http:\/\/attractions-lunaires.site\/wp-content\/uploads\/2021\/01\/IMGP9223-1024x678.jpg\" alt=\"\" data-id=\"190\" data-full-url=\"http:\/\/attractions-lunaires.site\/wp-content\/uploads\/2021\/01\/IMGP9223-scaled.jpg\" data-link=\"http:\/\/attractions-lunaires.site\/index.php\/la-musique\/imgp9223\/\" class=\"wp-image-190\" srcset=\"https:\/\/attractions-lunaires.site\/wp-content\/uploads\/2021\/01\/IMGP9223-1024x678.jpg 1024w, https:\/\/attractions-lunaires.site\/wp-content\/uploads\/2021\/01\/IMGP9223-300x199.jpg 300w, https:\/\/attractions-lunaires.site\/wp-content\/uploads\/2021\/01\/IMGP9223-768x509.jpg 768w, https:\/\/attractions-lunaires.site\/wp-content\/uploads\/2021\/01\/IMGP9223-1536x1017.jpg 1536w, https:\/\/attractions-lunaires.site\/wp-content\/uploads\/2021\/01\/IMGP9223-2048x1356.jpg 2048w\" sizes=\"(max-width: 1024px) 100vw, 1024px\" \/><\/figure><\/li><li class=\"blocks-gallery-item\"><figure><img loading=\"lazy\" width=\"217\" height=\"300\" src=\"http:\/\/attractions-lunaires.site\/wp-content\/uploads\/2021\/01\/Vincent-Lecornez.jpg\" alt=\"\" data-id=\"260\" data-full-url=\"http:\/\/attractions-lunaires.site\/wp-content\/uploads\/2021\/01\/Vincent-Lecornez.jpg\" data-link=\"http:\/\/attractions-lunaires.site\/vincent-lecornez\/\" class=\"wp-image-260\"\/><figcaption class=\"blocks-gallery-item__caption\"><a href=\"http:\/\/attractions-lunaires.site\/index.php\/vincent-lescornez-2\/\" data-type=\"page\" data-id=\"372\">Vincent Lescornez<\/a><\/figcaption><\/figure><\/li><\/ul><\/figure>\n\n\n\n<p>Pour en savoir plus, cliquez sur le nom de l&#8217;artiste !<\/p>\n<\/div>\n<\/div>\n<\/div>\n<\/div>\n<\/div>\n<\/div>\n\n\n\n<h2><\/h2>\n\n\n\n<p><\/p>\n\n\n\n<p><\/p>\n","protected":false},"excerpt":{"rendered":"<p>Le compositeur Classique et inventive \u00e0 la fois, il y a derri\u00e8re cette \u00e9criture une connaissance approfondie des \u00ab&nbsp;ma\u00eetres&nbsp;\u00bb de la musique et une grande inventivit\u00e9. Vincent Lescornez, le compositeur, qui s&#8217;est associ\u00e9 ici \u00e0 3 complices, musiciennes talentueuses, nous emm\u00e8ne d\u2019une m\u00e9lodie aux accents m\u00e9di\u00e9vaux \u00e0 une marche dr\u00f4le et d\u00e9cal\u00e9e en passant par &hellip; <a href=\"https:\/\/attractions-lunaires.site\/index.php\/la-musique\/\" class=\"more-link\">Continue reading <span class=\"screen-reader-text\">Du c\u00f4t\u00e9 de la musique<\/span> <span class=\"meta-nav\">&rarr;<\/span><\/a><\/p>\n","protected":false},"author":1,"featured_media":0,"parent":0,"menu_order":0,"comment_status":"closed","ping_status":"closed","template":"","meta":[],"_links":{"self":[{"href":"https:\/\/attractions-lunaires.site\/index.php\/wp-json\/wp\/v2\/pages\/151"}],"collection":[{"href":"https:\/\/attractions-lunaires.site\/index.php\/wp-json\/wp\/v2\/pages"}],"about":[{"href":"https:\/\/attractions-lunaires.site\/index.php\/wp-json\/wp\/v2\/types\/page"}],"author":[{"embeddable":true,"href":"https:\/\/attractions-lunaires.site\/index.php\/wp-json\/wp\/v2\/users\/1"}],"replies":[{"embeddable":true,"href":"https:\/\/attractions-lunaires.site\/index.php\/wp-json\/wp\/v2\/comments?post=151"}],"version-history":[{"count":36,"href":"https:\/\/attractions-lunaires.site\/index.php\/wp-json\/wp\/v2\/pages\/151\/revisions"}],"predecessor-version":[{"id":727,"href":"https:\/\/attractions-lunaires.site\/index.php\/wp-json\/wp\/v2\/pages\/151\/revisions\/727"}],"wp:attachment":[{"href":"https:\/\/attractions-lunaires.site\/index.php\/wp-json\/wp\/v2\/media?parent=151"}],"curies":[{"name":"wp","href":"https:\/\/api.w.org\/{rel}","templated":true}]}}