{"id":177,"date":"2021-01-04T15:43:35","date_gmt":"2021-01-04T14:43:35","guid":{"rendered":"http:\/\/attractions-lunaires.site\/?page_id=177"},"modified":"2021-05-04T19:39:38","modified_gmt":"2021-05-04T17:39:38","slug":"la-comedie","status":"publish","type":"page","link":"https:\/\/attractions-lunaires.site\/index.php\/la-comedie\/","title":{"rendered":"La Com\u00e9die"},"content":{"rendered":"\n<div class=\"wp-block-columns\">\n<div class=\"wp-block-column\" style=\"flex-basis:100%\">\n<p><\/p>\n<\/div>\n<\/div>\n\n\n\n<h1>\u00c9crire pour de jeu&#8230;<\/h1>\n\n\n\n<figure class=\"wp-block-gallery columns-4 is-cropped\"><ul class=\"blocks-gallery-grid\"><li class=\"blocks-gallery-item\"><figure><img loading=\"lazy\" width=\"340\" height=\"454\" src=\"http:\/\/attractions-lunaires.site\/wp-content\/uploads\/2021\/01\/Guy-enfant-1-e1609770271512.jpg\" alt=\"\" data-id=\"86\" data-link=\"http:\/\/attractions-lunaires.site\/guy-enfant-2\/\" class=\"wp-image-86\" srcset=\"https:\/\/attractions-lunaires.site\/wp-content\/uploads\/2021\/01\/Guy-enfant-1-e1609770271512.jpg 340w, https:\/\/attractions-lunaires.site\/wp-content\/uploads\/2021\/01\/Guy-enfant-1-e1609770271512-225x300.jpg 225w\" sizes=\"(max-width: 340px) 100vw, 340px\" \/><\/figure><\/li><li class=\"blocks-gallery-item\"><figure><img loading=\"lazy\" width=\"283\" height=\"171\" src=\"http:\/\/attractions-lunaires.site\/wp-content\/uploads\/2021\/01\/carnets-1.jpg\" alt=\"\" data-id=\"81\" data-link=\"http:\/\/attractions-lunaires.site\/carnets-2\/\" class=\"wp-image-81\"\/><\/figure><\/li><li class=\"blocks-gallery-item\"><figure><img loading=\"lazy\" width=\"450\" height=\"355\" src=\"http:\/\/attractions-lunaires.site\/wp-content\/uploads\/2021\/01\/guy-et-yves-jeunesse-2.jpg\" alt=\"\" data-id=\"415\" data-full-url=\"http:\/\/attractions-lunaires.site\/wp-content\/uploads\/2021\/01\/guy-et-yves-jeunesse-2.jpg\" data-link=\"http:\/\/attractions-lunaires.site\/index.php\/la-comedie\/guy-et-yves-jeunesse-2\/\" class=\"wp-image-415\" srcset=\"https:\/\/attractions-lunaires.site\/wp-content\/uploads\/2021\/01\/guy-et-yves-jeunesse-2.jpg 450w, https:\/\/attractions-lunaires.site\/wp-content\/uploads\/2021\/01\/guy-et-yves-jeunesse-2-300x237.jpg 300w\" sizes=\"(max-width: 450px) 100vw, 450px\" \/><\/figure><\/li><li class=\"blocks-gallery-item\"><figure><img loading=\"lazy\" width=\"295\" height=\"465\" src=\"http:\/\/attractions-lunaires.site\/wp-content\/uploads\/2021\/01\/yves-enfant.jpg\" alt=\"\" data-id=\"76\" data-link=\"http:\/\/attractions-lunaires.site\/yves-enfant\/\" class=\"wp-image-76\" srcset=\"https:\/\/attractions-lunaires.site\/wp-content\/uploads\/2021\/01\/yves-enfant.jpg 295w, https:\/\/attractions-lunaires.site\/wp-content\/uploads\/2021\/01\/yves-enfant-190x300.jpg 190w\" sizes=\"(max-width: 295px) 100vw, 295px\" \/><\/figure><\/li><\/ul><\/figure>\n\n\n\n<div class=\"wp-block-columns\">\n<div class=\"wp-block-column\"><\/div>\n\n\n\n<div class=\"wp-block-column\"><\/div>\n\n\n\n<div class=\"wp-block-column\">\n<p><\/p>\n<\/div>\n<\/div>\n\n\n\n<div class=\"wp-block-media-text alignwide has-media-on-the-right is-stacked-on-mobile\" style=\"grid-template-columns:auto 32%\"><figure class=\"wp-block-media-text__media\"><img loading=\"lazy\" width=\"472\" height=\"318\" src=\"http:\/\/attractions-lunaires.site\/wp-content\/uploads\/2021\/01\/plongeur-1.jpg\" alt=\"\" class=\"wp-image-102 size-full\" srcset=\"https:\/\/attractions-lunaires.site\/wp-content\/uploads\/2021\/01\/plongeur-1.jpg 472w, https:\/\/attractions-lunaires.site\/wp-content\/uploads\/2021\/01\/plongeur-1-300x202.jpg 300w\" sizes=\"(max-width: 472px) 100vw, 472px\" \/><\/figure><div class=\"wp-block-media-text__content\">\n<p class=\"has-normal-font-size\">Les fr\u00e8res Fayard sont des personnages inventrouv\u00e9s, qui jouent et d\u00e9jouent l&#8217;ancienne relation qui lie les fr\u00e8res Prunier. L&#8217;ain\u00e9 s\u00e9rieux, le plus jeune fac\u00e9tieux, vieux duo clownesque du clown blanc et de l&#8217;Auguste, ou chacun, \u00e0 tout moment, peu surprendre : l&#8217;ain\u00e9 soudain fac\u00e9tieux face \u00e0 la gravit\u00e9 du cadet ?<\/p>\n\n\n\n<p class=\"has-normal-font-size\">Question de gravit\u00e9 l&#8217;aventure lunaire tombe bien, les fr\u00e8res Fayards, comme les musicien.ne.s qui les accompagnent sur la Lune, perdent pied, se retrouvent\u2026 reste \u00e0 partager cette exp\u00e9rience funambulesque avec le public !<\/p>\n<\/div><\/div>\n\n\n\n<p><\/p>\n\n\n\n<p><\/p>\n\n\n\n<div class=\"wp-block-media-text alignwide is-stacked-on-mobile\" style=\"grid-template-columns:37% auto\"><figure class=\"wp-block-media-text__media\"><img loading=\"lazy\" width=\"630\" height=\"530\" src=\"http:\/\/attractions-lunaires.site\/wp-content\/uploads\/2021\/01\/des-ailes.jpg\" alt=\"\" class=\"wp-image-203 size-full\" srcset=\"https:\/\/attractions-lunaires.site\/wp-content\/uploads\/2021\/01\/des-ailes.jpg 630w, https:\/\/attractions-lunaires.site\/wp-content\/uploads\/2021\/01\/des-ailes-300x252.jpg 300w\" sizes=\"(max-width: 630px) 100vw, 630px\" \/><\/figure><div class=\"wp-block-media-text__content\">\n<p class=\"has-large-font-size\">L&#8217;aile de rien<\/p>\n\n\n\n<p class=\"has-normal-font-size\">&#8220;En ces temps de fausses nouvelles, il ne s&#8217;agissait pas pour nous de faire croire mais de faire r\u00eaver&#8221; affirme Guy Prunier &#8220;de r\u00eaver que la r\u00eaverie est une forme sup\u00e9rieure de l&#8217;action puisque qu&#8217;elle trouve refuge dans la Lune qui comme chacun le sait est au dessus de nous. Certains pr\u00e9tendent avoir vu des lunes sur terre\u2026. Laissons les r\u00eaver \u00e0 ces lunes l\u00e0. Nous ne pouvons pas faire autrement. Il se pourrait m\u00eame que nous convenions que le sup\u00e9rieur peut se blottir au ras des p\u00e2querettes \u00e9galement. Que l&#8217;on ait la t\u00eate dans les nuages, le c\u0153ur sensible, l&#8217;oreille vive et curieuse, le sourire aux l\u00e8vres ou le cul dans les fleurs\u2026 L&#8217;important n&#8217;est-il pas de s&#8217;enr\u00eaver plus haut, l&#8217;aile de rien ?&#8221;<\/p>\n<\/div><\/div>\n\n\n\n<div class=\"wp-block-media-text alignwide is-stacked-on-mobile\" style=\"grid-template-columns:37% auto\"><figure class=\"wp-block-media-text__media\"><img loading=\"lazy\" width=\"1024\" height=\"768\" src=\"http:\/\/attractions-lunaires.site\/wp-content\/uploads\/2021\/01\/lune-vassiviere-2013-1024x768.jpg\" alt=\"\" class=\"wp-image-202 size-full\" srcset=\"https:\/\/attractions-lunaires.site\/wp-content\/uploads\/2021\/01\/lune-vassiviere-2013-1024x768.jpg 1024w, https:\/\/attractions-lunaires.site\/wp-content\/uploads\/2021\/01\/lune-vassiviere-2013-300x225.jpg 300w, https:\/\/attractions-lunaires.site\/wp-content\/uploads\/2021\/01\/lune-vassiviere-2013-768x576.jpg 768w, https:\/\/attractions-lunaires.site\/wp-content\/uploads\/2021\/01\/lune-vassiviere-2013-1536x1152.jpg 1536w, https:\/\/attractions-lunaires.site\/wp-content\/uploads\/2021\/01\/lune-vassiviere-2013-2048x1536.jpg 2048w\" sizes=\"(max-width: 1024px) 100vw, 1024px\" \/><\/figure><div class=\"wp-block-media-text__content\">\n<p class=\"has-large-font-size\">Ne nous prenez pas la lune<\/p>\n\n\n\n<p class=\"has-normal-font-size\">Yves Prunier quant \u00e0 lui, ajoute : &#8220;Ne nous prenez pas la Lune ! J&#8217;ai toujours aim\u00e9 la Lune. C&#8217;est un point de d\u00e9part. Un rendez-vous r\u00e9gulier. Un rep\u00e8re (repaire ?). Elle repr\u00e9sente pour moi, depuis mon enfance, une m\u00e9taphore importante de la r\u00eaverie, un t\u00e9moin de mes promenades de nuit, de mes amours, un avenir \u00e9clair\u00e9 par ses soins et par les images qu&#8217;elle suscite en moi.<\/p>\n\n\n\n<p class=\"has-normal-font-size\">La lune : un rendez-vous entre l&#8217;imagination et l&#8217;astronomie, une proximit\u00e9 dans l&#8217;immensit\u00e9.<\/p>\n\n\n\n<p class=\"has-normal-font-size\">Et ce que \u00e7a devient\u2026 !! Accapar\u00e9e par la d\u00e9magogie nationaliste et les vendeurs de surface publicitaire\u2026 Pour raconter ce malaise, cette col\u00e8re\u2026 nous avons \u00ab Une histoire \u00e0 raconter \u00bb. Un geste politique possible, improbable, inventrouv\u00e9 l&#8217;hiver dernier dans nos archives, un fait divers des ann\u00e9es soixante : aller sur la Lune pour un concert, soutenus par Malraux, prolongement logique de la D\u00e9centralisation culturelle et th\u00e9\u00e2trale. Dans la Lune et Sur la Lune m\u00eame combat !! L\u00e0 bas dans une Auberge de notre jeunesse, les r\u00eaveurs sont accueillis, maternellement et vigoureusement. Randonneurs enthousiastes et solidaires, fatigu\u00e9s par tant de mirages, ils s&#8217;installent \u00e0 l&#8217;Auberge des Deux Rivages, chantent et reprennent courage.&#8221;<\/p>\n<\/div><\/div>\n\n\n\n<p><\/p>\n","protected":false},"excerpt":{"rendered":"<p>\u00c9crire pour de jeu&#8230; Les fr\u00e8res Fayard sont des personnages inventrouv\u00e9s, qui jouent et d\u00e9jouent l&#8217;ancienne relation qui lie les fr\u00e8res Prunier. L&#8217;ain\u00e9 s\u00e9rieux, le plus jeune fac\u00e9tieux, vieux duo clownesque du clown blanc et de l&#8217;Auguste, ou chacun, \u00e0 tout moment, peu surprendre : l&#8217;ain\u00e9 soudain fac\u00e9tieux face \u00e0 la gravit\u00e9 du cadet ? &hellip; <a href=\"https:\/\/attractions-lunaires.site\/index.php\/la-comedie\/\" class=\"more-link\">Continue reading <span class=\"screen-reader-text\">La Com\u00e9die<\/span> <span class=\"meta-nav\">&rarr;<\/span><\/a><\/p>\n","protected":false},"author":1,"featured_media":0,"parent":0,"menu_order":0,"comment_status":"closed","ping_status":"closed","template":"","meta":[],"_links":{"self":[{"href":"https:\/\/attractions-lunaires.site\/index.php\/wp-json\/wp\/v2\/pages\/177"}],"collection":[{"href":"https:\/\/attractions-lunaires.site\/index.php\/wp-json\/wp\/v2\/pages"}],"about":[{"href":"https:\/\/attractions-lunaires.site\/index.php\/wp-json\/wp\/v2\/types\/page"}],"author":[{"embeddable":true,"href":"https:\/\/attractions-lunaires.site\/index.php\/wp-json\/wp\/v2\/users\/1"}],"replies":[{"embeddable":true,"href":"https:\/\/attractions-lunaires.site\/index.php\/wp-json\/wp\/v2\/comments?post=177"}],"version-history":[{"count":19,"href":"https:\/\/attractions-lunaires.site\/index.php\/wp-json\/wp\/v2\/pages\/177\/revisions"}],"predecessor-version":[{"id":642,"href":"https:\/\/attractions-lunaires.site\/index.php\/wp-json\/wp\/v2\/pages\/177\/revisions\/642"}],"wp:attachment":[{"href":"https:\/\/attractions-lunaires.site\/index.php\/wp-json\/wp\/v2\/media?parent=177"}],"curies":[{"name":"wp","href":"https:\/\/api.w.org\/{rel}","templated":true}]}}